{"id":554,"date":"2018-03-04T15:14:00","date_gmt":"2018-03-04T15:14:00","guid":{"rendered":"http:\/\/www.kapitalnarodu.pl\/?page_id=554"},"modified":"2022-05-05T01:53:57","modified_gmt":"2022-05-05T01:53:57","slug":"kapital-polski","status":"publish","type":"page","link":"https:\/\/www.kapitalnarodu.pl\/index.php\/kapital-polski\/","title":{"rendered":"Kapita\u0142 Narodowy"},"content":{"rendered":"\t\t<div data-elementor-type=\"wp-page\" data-elementor-id=\"554\" class=\"elementor elementor-554\">\n\t\t\t\t\t\t<div class=\"elementor-inner\">\n\t\t\t\t<div class=\"elementor-section-wrap\">\n\t\t\t\t\t\t\t\t\t<section class=\"elementor-section elementor-top-section elementor-element elementor-element-21c85bf elementor-section-height-min-height elementor-section-boxed elementor-section-height-default elementor-section-items-middle\" data-id=\"21c85bf\" data-element_type=\"section\" data-settings=\"{&quot;background_background&quot;:&quot;classic&quot;}\">\n\t\t\t\t\t\t\t<div class=\"elementor-background-overlay\"><\/div>\n\t\t\t\t\t\t\t<div class=\"elementor-container elementor-column-gap-default\">\n\t\t\t\t\t\t\t<div class=\"elementor-row\">\n\t\t\t\t\t<div class=\"elementor-column elementor-col-100 elementor-top-column elementor-element elementor-element-3921a7c\" data-id=\"3921a7c\" data-element_type=\"column\">\n\t\t\t<div class=\"elementor-column-wrap elementor-element-populated\">\n\t\t\t\t\t\t\t<div class=\"elementor-widget-wrap\">\n\t\t\t\t\t\t<div class=\"elementor-element elementor-element-0eb2d62 elementor-widget elementor-widget-heading\" data-id=\"0eb2d62\" data-element_type=\"widget\" data-widget_type=\"heading.default\">\n\t\t\t\t<div class=\"elementor-widget-container\">\n\t\t\t<h1 class=\"elementor-heading-title elementor-size-default\">kapita\u0142 narodowY<\/h1>\t\t<\/div>\n\t\t\t\t<\/div>\n\t\t\t\t<div class=\"elementor-element elementor-element-7d582e9 elementor-widget elementor-widget-text-editor\" data-id=\"7d582e9\" data-element_type=\"widget\" data-widget_type=\"text-editor.default\">\n\t\t\t\t<div class=\"elementor-widget-container\">\n\t\t\t\t\t\t\t\t<div class=\"elementor-text-editor elementor-clearfix\">\n\t\t\t\t<p>Kapita\u0142 narodowy jako kapita\u0142 produkcyjny, rzeczowy, kapita\u0142 finansowy, ludzki i spo\u0142eczno-kulturowy jest fundamentem bogactwa pa\u0144stw ich bezpiecze\u0144stwa ekonomicznego i suwerenno\u015bci narodowej<\/p>\t\t\t\t\t<\/div>\n\t\t\t\t\t\t<\/div>\n\t\t\t\t<\/div>\n\t\t\t\t\t\t<\/div>\n\t\t\t\t\t<\/div>\n\t\t<\/div>\n\t\t\t\t\t\t\t\t<\/div>\n\t\t\t\t\t<\/div>\n\t\t<\/section>\n\t\t\t\t<section class=\"elementor-section elementor-top-section elementor-element elementor-element-fc007d9 elementor-section-boxed elementor-section-height-default elementor-section-height-default\" data-id=\"fc007d9\" data-element_type=\"section\">\n\t\t\t\t\t\t<div class=\"elementor-container elementor-column-gap-default\">\n\t\t\t\t\t\t\t<div class=\"elementor-row\">\n\t\t\t\t\t<div class=\"elementor-column elementor-col-100 elementor-top-column elementor-element elementor-element-4edcf68\" data-id=\"4edcf68\" data-element_type=\"column\">\n\t\t\t<div class=\"elementor-column-wrap elementor-element-populated\">\n\t\t\t\t\t\t\t<div class=\"elementor-widget-wrap\">\n\t\t\t\t\t\t<div class=\"elementor-element elementor-element-2a3459c elementor-widget elementor-widget-spacer\" data-id=\"2a3459c\" data-element_type=\"widget\" data-widget_type=\"spacer.default\">\n\t\t\t\t<div class=\"elementor-widget-container\">\n\t\t\t\t\t<div class=\"elementor-spacer\">\n\t\t\t<div class=\"elementor-spacer-inner\"><\/div>\n\t\t<\/div>\n\t\t\t\t<\/div>\n\t\t\t\t<\/div>\n\t\t\t\t<div class=\"elementor-element elementor-element-36e4ead elementor-widget elementor-widget-heading\" data-id=\"36e4ead\" data-element_type=\"widget\" data-widget_type=\"heading.default\">\n\t\t\t\t<div class=\"elementor-widget-container\">\n\t\t\t<h2 class=\"elementor-heading-title elementor-size-default\">Kapita\u0142 narodowy<\/h2>\t\t<\/div>\n\t\t\t\t<\/div>\n\t\t\t\t<div class=\"elementor-element elementor-element-aa12d56 elementor-widget elementor-widget-text-editor\" data-id=\"aa12d56\" data-element_type=\"widget\" data-widget_type=\"text-editor.default\">\n\t\t\t\t<div class=\"elementor-widget-container\">\n\t\t\t\t\t\t\t\t<div class=\"elementor-text-editor elementor-clearfix\">\n\t\t\t\t<p><em>\u017bycie spo\u0142eczne, polityczne i gospodarcze zawsze interferuje z poczuciem to\u017csamo\u015bci narodowej<\/em> <em>i identyfikacj\u0105 u jej podstaw wszystkich obywateli, podmiot\u00f3w gospodarczych i rz\u0105dz\u0105cych, bo w nich wszystkich \u00a0le\u017cy potrzeba przynale\u017cno\u015bci<\/em><\/p>\t\t\t\t\t<\/div>\n\t\t\t\t\t\t<\/div>\n\t\t\t\t<\/div>\n\t\t\t\t\t\t<\/div>\n\t\t\t\t\t<\/div>\n\t\t<\/div>\n\t\t\t\t\t\t\t\t<\/div>\n\t\t\t\t\t<\/div>\n\t\t<\/section>\n\t\t\t\t<section class=\"elementor-section elementor-top-section elementor-element elementor-element-fd1391a elementor-section-boxed elementor-section-height-default elementor-section-height-default\" data-id=\"fd1391a\" data-element_type=\"section\">\n\t\t\t\t\t\t<div class=\"elementor-container elementor-column-gap-default\">\n\t\t\t\t\t\t\t<div class=\"elementor-row\">\n\t\t\t\t\t<div class=\"elementor-column elementor-col-100 elementor-top-column elementor-element elementor-element-54c84d8\" data-id=\"54c84d8\" data-element_type=\"column\">\n\t\t\t<div class=\"elementor-column-wrap elementor-element-populated\">\n\t\t\t\t\t\t\t<div class=\"elementor-widget-wrap\">\n\t\t\t\t\t\t<div class=\"elementor-element elementor-element-a229ba1 obfx-position-top elementor-widget elementor-widget-obfx-services\" data-id=\"a229ba1\" data-element_type=\"widget\" data-widget_type=\"obfx-services.default\">\n\t\t\t\t<div class=\"elementor-widget-container\">\n\t\t\t<div class=\"obfx-grid\"><div class=\"obfx-grid-container obfx-grid-mobile-1 obfx-grid-tablet-2 obfx-grid-desktop-1\">\t\t\t<div class=\"obfx-grid-wrapper\">\n\t\t\t\t\t\t\t\t<div class=\"obfx-service-box obfx-grid-col\">\n\t\t\t\t\t<span class=\"obfx-icon-wrap\"><i class=\"obfx-icon fas fa-industry\" aria-hidden=\"true\" style=\"color:#333333\"><\/i><\/span>\t\t\t\t\t\t<div class=\"obfx-service-box-content\">\n\t\t\t\t\t\t\t\t\t\t\t\t\t\t\t<h4 class=\"obfx-service-title\">Wsp\u00f3\u0142czesny kapita\u0142 Narodowy<\/h4>\n\t\t\t\t\t\t\t\t\t\t\t\t\t\t\t\t<p class=\"obfx-service-text\">Pa\u0144stwa, szczeg\u00f3lnie te o najbardziej rozwini\u0119tych gospodarkach, nieustaj\u0105co buduj\u0105 i chroni\u0105 sw\u00f3j kapita\u0142 narodowy, wp\u0142ywaj\u0105c tym samym na kszta\u0142towanie postaw, zachowa\u0144 i wybor\u00f3w ekonomicznych swoich obywateli oraz podmiot\u00f3w gospodarczych<\/p>\n\t\t\t\t\t\t\t\t\t\t\t\t\t<\/div>\n\t\t\t\t\t\t\t\t\t<\/div>\n\t\t\t\t<\/a>\t\t\t<\/div>\n\t\t\t<\/div><\/div>\t\t<\/div>\n\t\t\t\t<\/div>\n\t\t\t\t\t\t<\/div>\n\t\t\t\t\t<\/div>\n\t\t<\/div>\n\t\t\t\t\t\t\t\t<\/div>\n\t\t\t\t\t<\/div>\n\t\t<\/section>\n\t\t\t\t<section class=\"elementor-section elementor-top-section elementor-element elementor-element-b23b22c elementor-section-boxed elementor-section-height-default elementor-section-height-default\" data-id=\"b23b22c\" data-element_type=\"section\">\n\t\t\t\t\t\t<div class=\"elementor-container elementor-column-gap-default\">\n\t\t\t\t\t\t\t<div class=\"elementor-row\">\n\t\t\t\t\t<div class=\"elementor-column elementor-col-100 elementor-top-column elementor-element elementor-element-4e16dad\" data-id=\"4e16dad\" data-element_type=\"column\">\n\t\t\t<div class=\"elementor-column-wrap elementor-element-populated\">\n\t\t\t\t\t\t\t<div class=\"elementor-widget-wrap\">\n\t\t\t\t\t\t<div class=\"elementor-element elementor-element-c8b7fc6 obfx-position-top elementor-widget elementor-widget-obfx-services\" data-id=\"c8b7fc6\" data-element_type=\"widget\" data-widget_type=\"obfx-services.default\">\n\t\t\t\t<div class=\"elementor-widget-container\">\n\t\t\t<div class=\"obfx-grid\"><div class=\"obfx-grid-container obfx-grid-mobile-1 obfx-grid-tablet-2 obfx-grid-desktop-1\">\t\t\t<div class=\"obfx-grid-wrapper\">\n\t\t\t\t\t\t\t\t<div class=\"obfx-service-box obfx-grid-col\">\n\t\t\t\t\t<span class=\"obfx-icon-wrap\"><i class=\"obfx-icon fas fa-city\" aria-hidden=\"true\" style=\"color:#333333\"><\/i><\/span>\t\t\t\t\t\t<div class=\"obfx-service-box-content\">\n\t\t\t\t\t\t\t\t\t\t\t\t\t\t\t<h4 class=\"obfx-service-title\">potrzeba budowy kapita\u0142u narodowego<\/h4>\n\t\t\t\t\t\t\t\t\t\t\t\t\t\t\t\t<p class=\"obfx-service-text\">Potrzeba budowy kapita\u0142u narodowego wynika nie tylko z samej troski rz\u0105d\u00f3w o dobrobyt obywateli, ale ch\u0119ci utrzymania sprawiedliwo\u015bci spo\u0142ecznej oraz zapewnienia suwerenno\u015bci gospodarczej i bezpiecze\u0144stwa narodowego<\/p>\n\t\t\t\t\t\t\t\t\t\t\t\t\t<\/div>\n\t\t\t\t\t\t\t\t\t<\/div>\n\t\t\t\t<\/a>\t\t\t<\/div>\n\t\t\t<\/div><\/div>\t\t<\/div>\n\t\t\t\t<\/div>\n\t\t\t\t\t\t<\/div>\n\t\t\t\t\t<\/div>\n\t\t<\/div>\n\t\t\t\t\t\t\t\t<\/div>\n\t\t\t\t\t<\/div>\n\t\t<\/section>\n\t\t\t\t<section class=\"elementor-section elementor-top-section elementor-element elementor-element-3eebf41 elementor-section-boxed elementor-section-height-default elementor-section-height-default\" data-id=\"3eebf41\" data-element_type=\"section\">\n\t\t\t\t\t\t<div class=\"elementor-container elementor-column-gap-default\">\n\t\t\t\t\t\t\t<div class=\"elementor-row\">\n\t\t\t\t\t<div class=\"elementor-column elementor-col-100 elementor-top-column elementor-element elementor-element-812aaf6\" data-id=\"812aaf6\" data-element_type=\"column\">\n\t\t\t<div class=\"elementor-column-wrap elementor-element-populated\">\n\t\t\t\t\t\t\t<div class=\"elementor-widget-wrap\">\n\t\t\t\t\t\t<div class=\"elementor-element elementor-element-2ba6c52 obfx-position-top elementor-widget elementor-widget-obfx-services\" data-id=\"2ba6c52\" data-element_type=\"widget\" data-widget_type=\"obfx-services.default\">\n\t\t\t\t<div class=\"elementor-widget-container\">\n\t\t\t<div class=\"obfx-grid\"><div class=\"obfx-grid-container obfx-grid-mobile-1 obfx-grid-tablet-2 obfx-grid-desktop-1\">\t\t\t<div class=\"obfx-grid-wrapper\">\n\t\t\t\t\t\t\t\t<div class=\"obfx-service-box obfx-grid-col\">\n\t\t\t\t\t<span class=\"obfx-icon-wrap\"><i class=\"obfx-icon fas fa-kaaba\" aria-hidden=\"true\" style=\"color:#333333\"><\/i><\/span>\t\t\t\t\t\t<div class=\"obfx-service-box-content\">\n\t\t\t\t\t\t\t\t\t\t\t\t\t\t\t<h4 class=\"obfx-service-title\">wymiar kapita\u0142u narodowego<\/h4>\n\t\t\t\t\t\t\t\t\t\t\t\t\t\t\t\t<p class=\"obfx-service-text\">Kapita\u0142 narodowy budowany jest we wszystkich krajach na bazie g\u0142\u0119boko zakorzenionego patriotyzmu. Rz\u0105dy zaplanowan\u0105 i \u015bwiadom\u0105 praktyk\u0105 kszta\u0142tuj\u0105 proces identyfikacji narodowej swoich obywateli, kt\u00f3ry uwzgl\u0119dnia poza aspektem gospodarczym, wymiar spo\u0142eczny i mi\u0119dzynarodowy szeroko rozumianego kapita\u0142u narodowego<\/p>\n\t\t\t\t\t\t\t\t\t\t\t\t\t<\/div>\n\t\t\t\t\t\t\t\t\t<\/div>\n\t\t\t\t<\/a>\t\t\t<\/div>\n\t\t\t<\/div><\/div>\t\t<\/div>\n\t\t\t\t<\/div>\n\t\t\t\t\t\t<\/div>\n\t\t\t\t\t<\/div>\n\t\t<\/div>\n\t\t\t\t\t\t\t\t<\/div>\n\t\t\t\t\t<\/div>\n\t\t<\/section>\n\t\t\t\t\t\t\t\t\t<\/div>\n\t\t\t<\/div>\n\t\t\t\t\t<\/div>\n\t\t","protected":false},"excerpt":{"rendered":"<p>kapita\u0142 narodowY Kapita\u0142 narodowy jako kapita\u0142 produkcyjny, rzeczowy, kapita\u0142 finansowy, ludzki i spo\u0142eczno-kulturowy jest fundamentem bogactwa pa\u0144stw ich bezpiecze\u0144stwa ekonomicznego i suwerenno\u015bci narodowej Kapita\u0142 narodowy \u017bycie spo\u0142eczne, polityczne i gospodarcze zawsze interferuje z poczuciem to\u017csamo\u015bci narodowej i identyfikacj\u0105 u jej podstaw wszystkich obywateli, podmiot\u00f3w gospodarczych i rz\u0105dz\u0105cych, bo w nich wszystkich \u00a0le\u017cy potrzeba przynale\u017cno\u015bci Wsp\u00f3\u0142czesny&hellip;&nbsp;<a href=\"https:\/\/www.kapitalnarodu.pl\/index.php\/kapital-polski\/\" class=\"\" rel=\"bookmark\">Read More &raquo;<span class=\"screen-reader-text\">Kapita\u0142 Narodowy<\/span><\/a><\/p>\n","protected":false},"author":1,"featured_media":1263,"parent":0,"menu_order":0,"comment_status":"closed","ping_status":"closed","template":"page-templates\/template-pagebuilder-full-width.php","meta":{"neve_meta_sidebar":"full-width","neve_meta_container":"","neve_meta_enable_content_width":"on","neve_meta_content_width":100,"neve_meta_title_alignment":"","neve_meta_author_avatar":"","neve_post_elements_order":"","neve_meta_disable_header":"","neve_meta_disable_footer":"","neve_meta_disable_title":""},"_links":{"self":[{"href":"https:\/\/www.kapitalnarodu.pl\/index.php\/wp-json\/wp\/v2\/pages\/554"}],"collection":[{"href":"https:\/\/www.kapitalnarodu.pl\/index.php\/wp-json\/wp\/v2\/pages"}],"about":[{"href":"https:\/\/www.kapitalnarodu.pl\/index.php\/wp-json\/wp\/v2\/types\/page"}],"author":[{"embeddable":true,"href":"https:\/\/www.kapitalnarodu.pl\/index.php\/wp-json\/wp\/v2\/users\/1"}],"replies":[{"embeddable":true,"href":"https:\/\/www.kapitalnarodu.pl\/index.php\/wp-json\/wp\/v2\/comments?post=554"}],"version-history":[{"count":39,"href":"https:\/\/www.kapitalnarodu.pl\/index.php\/wp-json\/wp\/v2\/pages\/554\/revisions"}],"predecessor-version":[{"id":2918,"href":"https:\/\/www.kapitalnarodu.pl\/index.php\/wp-json\/wp\/v2\/pages\/554\/revisions\/2918"}],"wp:featuredmedia":[{"embeddable":true,"href":"https:\/\/www.kapitalnarodu.pl\/index.php\/wp-json\/wp\/v2\/media\/1263"}],"wp:attachment":[{"href":"https:\/\/www.kapitalnarodu.pl\/index.php\/wp-json\/wp\/v2\/media?parent=554"}],"curies":[{"name":"wp","href":"https:\/\/api.w.org\/{rel}","templated":true}]}}