{"id":1644,"date":"2019-10-01T01:56:00","date_gmt":"2019-10-01T01:56:00","guid":{"rendered":"http:\/\/www.kapitalnarodu.pl\/?page_id=1644"},"modified":"2021-01-31T05:06:09","modified_gmt":"2021-01-31T05:06:09","slug":"kontakt-2","status":"publish","type":"page","link":"https:\/\/www.kapitalnarodu.pl\/index.php\/kontakt-2\/","title":{"rendered":"Kontakt"},"content":{"rendered":"\t\t<div data-elementor-type=\"wp-page\" data-elementor-id=\"1644\" class=\"elementor elementor-1644\">\n\t\t\t\t\t\t<div class=\"elementor-inner\">\n\t\t\t\t<div class=\"elementor-section-wrap\">\n\t\t\t\t\t\t\t\t\t<section class=\"elementor-section elementor-top-section elementor-element elementor-element-bde841e elementor-section-height-min-height elementor-section-boxed elementor-section-height-default elementor-section-items-middle\" data-id=\"bde841e\" data-element_type=\"section\" data-settings=\"{&quot;background_background&quot;:&quot;classic&quot;}\">\n\t\t\t\t\t\t\t<div class=\"elementor-background-overlay\"><\/div>\n\t\t\t\t\t\t\t<div class=\"elementor-container elementor-column-gap-default\">\n\t\t\t\t\t\t\t<div class=\"elementor-row\">\n\t\t\t\t\t<div class=\"elementor-column elementor-col-100 elementor-top-column elementor-element elementor-element-9888d1d\" data-id=\"9888d1d\" data-element_type=\"column\">\n\t\t\t<div class=\"elementor-column-wrap elementor-element-populated\">\n\t\t\t\t\t\t\t<div class=\"elementor-widget-wrap\">\n\t\t\t\t\t\t<div class=\"elementor-element elementor-element-7e6ab4b elementor-widget elementor-widget-heading\" data-id=\"7e6ab4b\" data-element_type=\"widget\" data-widget_type=\"heading.default\">\n\t\t\t\t<div class=\"elementor-widget-container\">\n\t\t\t<h1 class=\"elementor-heading-title elementor-size-default\">kontakt<\/h1>\t\t<\/div>\n\t\t\t\t<\/div>\n\t\t\t\t<div class=\"elementor-element elementor-element-60d66f0 elementor-widget elementor-widget-text-editor\" data-id=\"60d66f0\" data-element_type=\"widget\" data-widget_type=\"text-editor.default\">\n\t\t\t\t<div class=\"elementor-widget-container\">\n\t\t\t\t\t\t\t\t<div class=\"elementor-text-editor elementor-clearfix\">\n\t\t\t\t<p>Zapraszamy do kontaktu w dogodnym dla Ciebie terminie, a my z przyjemno\u015bci\u0105 si\u0119 z Tob\u0105 skontaktujemy.<\/p>\t\t\t\t\t<\/div>\n\t\t\t\t\t\t<\/div>\n\t\t\t\t<\/div>\n\t\t\t\t\t\t<\/div>\n\t\t\t\t\t<\/div>\n\t\t<\/div>\n\t\t\t\t\t\t\t\t<\/div>\n\t\t\t\t\t<\/div>\n\t\t<\/section>\n\t\t\t\t<section class=\"elementor-section elementor-top-section elementor-element elementor-element-7a3e492 elementor-section-boxed elementor-section-height-default elementor-section-height-default\" data-id=\"7a3e492\" data-element_type=\"section\">\n\t\t\t\t\t\t<div class=\"elementor-container elementor-column-gap-default\">\n\t\t\t\t\t\t\t<div class=\"elementor-row\">\n\t\t\t\t\t<div class=\"elementor-column elementor-col-100 elementor-top-column elementor-element elementor-element-da2d441\" data-id=\"da2d441\" data-element_type=\"column\">\n\t\t\t<div class=\"elementor-column-wrap elementor-element-populated\">\n\t\t\t\t\t\t\t<div class=\"elementor-widget-wrap\">\n\t\t\t\t\t\t<div class=\"elementor-element elementor-element-3978173 elementor-widget-divider--view-line elementor-widget elementor-widget-divider\" data-id=\"3978173\" data-element_type=\"widget\" data-widget_type=\"divider.default\">\n\t\t\t\t<div class=\"elementor-widget-container\">\n\t\t\t\t\t<div class=\"elementor-divider\">\n\t\t\t<span class=\"elementor-divider-separator\">\n\t\t\t\t\t\t<\/span>\n\t\t<\/div>\n\t\t\t\t<\/div>\n\t\t\t\t<\/div>\n\t\t\t\t\t\t<\/div>\n\t\t\t\t\t<\/div>\n\t\t<\/div>\n\t\t\t\t\t\t\t\t<\/div>\n\t\t\t\t\t<\/div>\n\t\t<\/section>\n\t\t\t\t<section class=\"elementor-section elementor-top-section elementor-element elementor-element-e4588e9 elementor-section-boxed elementor-section-height-default elementor-section-height-default\" data-id=\"e4588e9\" data-element_type=\"section\">\n\t\t\t\t\t\t<div class=\"elementor-container elementor-column-gap-default\">\n\t\t\t\t\t\t\t<div class=\"elementor-row\">\n\t\t\t\t\t<div class=\"elementor-column elementor-col-50 elementor-top-column elementor-element elementor-element-fdbce89\" data-id=\"fdbce89\" data-element_type=\"column\" data-settings=\"{&quot;background_background&quot;:&quot;classic&quot;}\">\n\t\t\t<div class=\"elementor-column-wrap elementor-element-populated\">\n\t\t\t\t\t\t\t<div class=\"elementor-widget-wrap\">\n\t\t\t\t\t\t<div class=\"elementor-element elementor-element-087de91 elementor-widget elementor-widget-text-editor\" data-id=\"087de91\" data-element_type=\"widget\" data-widget_type=\"text-editor.default\">\n\t\t\t\t<div class=\"elementor-widget-container\">\n\t\t\t\t\t\t\t\t<div class=\"elementor-text-editor elementor-clearfix\">\n\t\t\t\t<p><strong>Skontaktuj si\u0119 z nami w sprawach cz\u0142onkostwa i innych<\/strong><\/p>\t\t\t\t\t<\/div>\n\t\t\t\t\t\t<\/div>\n\t\t\t\t<\/div>\n\t\t\t\t<div class=\"elementor-element elementor-element-1ce90cd elementor-widget elementor-widget-content_form_contact\" data-id=\"1ce90cd\" data-element_type=\"widget\" data-widget_type=\"content_form_contact.default\">\n\t\t\t\t<div class=\"elementor-widget-container\">\n\t\t\t<form action=\"https:\/\/www.kapitalnarodu.pl\/wp-admin\/admin-post.php\" method=\"post\" name=\"content-form-1ce90cd\" id=\"content-form-1ce90cd\" class=\"ti-cf-module content-form content-form-contact content_form_contact\"><input type=\"hidden\" id=\"_wpnonce_contact\" name=\"_wpnonce_contact\" value=\"e9eb3394c2\" \/><input type=\"hidden\" name=\"_wp_http_referer\" value=\"\/index.php\/wp-json\/wp\/v2\/pages\/1644\" \/><input type=\"hidden\" name=\"action\" value=\"content_form_submit\" \/><input type=\"hidden\" name=\"form-type\" value=\"contact\" \/><input type=\"hidden\" name=\"form-builder\" value=\"elementor\" \/><input type=\"hidden\" name=\"post-id\" value=\"1644\" \/><input type=\"hidden\" name=\"form-id\" value=\"1ce90cd\" \/><fieldset class=\"content-form-field-text elementor-column elementor-col-100\"><label for=\"data[1ce90cd][name]\" >Nazwisko<span class=\"required-mark\"> *<\/span><\/label><input type=\"text\" name=\"data[1ce90cd][name]\" id=\"data[1ce90cd][name]\" required=\"required\"  placeholder=\"\"><\/fieldset><fieldset class=\"content-form-field-text elementor-column elementor-col-100\"><label for=\"data[1ce90cd][name]\" >Imi\u0119 <span class=\"required-mark\"> *<\/span><\/label><input type=\"text\" name=\"data[1ce90cd][name]\" id=\"data[1ce90cd][name]\" required=\"required\"  placeholder=\"\"><\/fieldset><fieldset class=\"content-form-field-email elementor-column elementor-col-100\"><label for=\"data[1ce90cd][email]\" >Email<span class=\"required-mark\"> *<\/span><\/label><input type=\"text\" name=\"data[1ce90cd][email]\" id=\"data[1ce90cd][email]\" required=\"required\"  placeholder=\"\"><\/fieldset><fieldset class=\"content-form-field-textarea elementor-column elementor-col-100\"><label for=\"data[1ce90cd][message]\" >Wiadomo\u015b\u0107<span class=\"required-mark\"> *<\/span><\/label><textarea name=\"data[1ce90cd][message]\" id=\"data[1ce90cd][message]\"  required=\"required\" placeholder=\"\" cols=\"30\" rows=\"5\"><\/textarea><\/fieldset><fieldset class=\"submit-form contact\"><button type=\"submit\" name=\"submit\"  value=\"submit-contact-1ce90cd\" class=\"\">Wy\u015blij<\/button><\/fieldset><\/form>\t\t<\/div>\n\t\t\t\t<\/div>\n\t\t\t\t\t\t<\/div>\n\t\t\t\t\t<\/div>\n\t\t<\/div>\n\t\t\t\t<div class=\"elementor-column elementor-col-50 elementor-top-column elementor-element elementor-element-7bc5c8c\" data-id=\"7bc5c8c\" data-element_type=\"column\" data-settings=\"{&quot;background_background&quot;:&quot;classic&quot;}\">\n\t\t\t<div class=\"elementor-column-wrap elementor-element-populated\">\n\t\t\t\t\t\t\t<div class=\"elementor-widget-wrap\">\n\t\t\t\t\t\t<div class=\"elementor-element elementor-element-833f004 elementor-widget elementor-widget-text-editor\" data-id=\"833f004\" data-element_type=\"widget\" data-widget_type=\"text-editor.default\">\n\t\t\t\t<div class=\"elementor-widget-container\">\n\t\t\t\t\t\t\t\t<div class=\"elementor-text-editor elementor-clearfix\">\n\t\t\t\t<p><strong>Fomularz dla cz\u0142onk\u00f3w stowarzyszenia<\/strong><\/p>\t\t\t\t\t<\/div>\n\t\t\t\t\t\t<\/div>\n\t\t\t\t<\/div>\n\t\t\t\t<div class=\"elementor-element elementor-element-b6bf193 elementor-widget elementor-widget-content_form_contact\" data-id=\"b6bf193\" data-element_type=\"widget\" data-widget_type=\"content_form_contact.default\">\n\t\t\t\t<div class=\"elementor-widget-container\">\n\t\t\t<form action=\"https:\/\/www.kapitalnarodu.pl\/wp-admin\/admin-post.php\" method=\"post\" name=\"content-form-b6bf193\" id=\"content-form-b6bf193\" class=\"ti-cf-module content-form content-form-contact content_form_contact\"><input type=\"hidden\" id=\"_wpnonce_contact\" name=\"_wpnonce_contact\" value=\"71bba05aec\" \/><input type=\"hidden\" name=\"_wp_http_referer\" value=\"\/index.php\/wp-json\/wp\/v2\/pages\/1644\" \/><input type=\"hidden\" name=\"action\" value=\"content_form_submit\" \/><input type=\"hidden\" name=\"form-type\" value=\"contact\" \/><input type=\"hidden\" name=\"form-builder\" value=\"elementor\" \/><input type=\"hidden\" name=\"post-id\" value=\"1644\" \/><input type=\"hidden\" name=\"form-id\" value=\"b6bf193\" \/><fieldset class=\"content-form-field-text elementor-column elementor-col-100\"><label for=\"data[b6bf193][name]\" >Nazwisko i imi\u0119<span class=\"required-mark\"> *<\/span><\/label><input type=\"text\" name=\"data[b6bf193][name]\" id=\"data[b6bf193][name]\" required=\"required\"  placeholder=\"\"><\/fieldset><fieldset class=\"content-form-field-text elementor-column elementor-col-100\"><label for=\"data[b6bf193][name]\" >Firma <span class=\"required-mark\"> *<\/span><\/label><input type=\"text\" name=\"data[b6bf193][name]\" id=\"data[b6bf193][name]\" required=\"required\"  placeholder=\"\"><\/fieldset><fieldset class=\"content-form-field-email elementor-column elementor-col-100\"><label for=\"data[b6bf193][email]\" >Email<span class=\"required-mark\"> *<\/span><\/label><input type=\"text\" name=\"data[b6bf193][email]\" id=\"data[b6bf193][email]\" required=\"required\"  placeholder=\"\"><\/fieldset><fieldset class=\"content-form-field-number elementor-column elementor-col-100\"><label for=\"data[b6bf193][phone]\" >Telefon<\/label><input type=\"text\" name=\"data[b6bf193][phone]\" id=\"data[b6bf193][phone]\"   placeholder=\"\"><\/fieldset><fieldset class=\"content-form-field-textarea elementor-column elementor-col-100\"><label for=\"data[b6bf193][message]\" >Wiadomo\u015b\u0107<span class=\"required-mark\"> *<\/span><\/label><textarea name=\"data[b6bf193][message]\" id=\"data[b6bf193][message]\"  required=\"required\" placeholder=\"\" cols=\"30\" rows=\"5\"><\/textarea><\/fieldset><fieldset class=\"submit-form contact\"><button type=\"submit\" name=\"submit\"  value=\"submit-contact-b6bf193\" class=\"\">Wy\u015blij<\/button><\/fieldset><\/form>\t\t<\/div>\n\t\t\t\t<\/div>\n\t\t\t\t\t\t<\/div>\n\t\t\t\t\t<\/div>\n\t\t<\/div>\n\t\t\t\t\t\t\t\t<\/div>\n\t\t\t\t\t<\/div>\n\t\t<\/section>\n\t\t\t\t<section class=\"elementor-section elementor-top-section elementor-element elementor-element-7cdd6ee elementor-section-boxed elementor-section-height-default elementor-section-height-default\" data-id=\"7cdd6ee\" data-element_type=\"section\">\n\t\t\t\t\t\t<div class=\"elementor-container elementor-column-gap-default\">\n\t\t\t\t\t\t\t<div class=\"elementor-row\">\n\t\t\t\t\t<div class=\"elementor-column elementor-col-100 elementor-top-column elementor-element elementor-element-b7d92e1\" data-id=\"b7d92e1\" data-element_type=\"column\">\n\t\t\t<div class=\"elementor-column-wrap elementor-element-populated\">\n\t\t\t\t\t\t\t<div class=\"elementor-widget-wrap\">\n\t\t\t\t\t\t<div class=\"elementor-element elementor-element-43a3051 elementor-widget-divider--view-line elementor-widget elementor-widget-divider\" data-id=\"43a3051\" data-element_type=\"widget\" data-widget_type=\"divider.default\">\n\t\t\t\t<div class=\"elementor-widget-container\">\n\t\t\t\t\t<div class=\"elementor-divider\">\n\t\t\t<span class=\"elementor-divider-separator\">\n\t\t\t\t\t\t<\/span>\n\t\t<\/div>\n\t\t\t\t<\/div>\n\t\t\t\t<\/div>\n\t\t\t\t\t\t<\/div>\n\t\t\t\t\t<\/div>\n\t\t<\/div>\n\t\t\t\t\t\t\t\t<\/div>\n\t\t\t\t\t<\/div>\n\t\t<\/section>\n\t\t\t\t<section class=\"elementor-section elementor-top-section elementor-element elementor-element-2f65bb6 elementor-section-boxed elementor-section-height-default elementor-section-height-default\" data-id=\"2f65bb6\" data-element_type=\"section\">\n\t\t\t\t\t\t<div class=\"elementor-container elementor-column-gap-default\">\n\t\t\t\t\t\t\t<div class=\"elementor-row\">\n\t\t\t\t\t<div class=\"elementor-column elementor-col-100 elementor-top-column elementor-element elementor-element-3580846\" data-id=\"3580846\" data-element_type=\"column\" data-settings=\"{&quot;background_background&quot;:&quot;classic&quot;}\">\n\t\t\t<div class=\"elementor-column-wrap elementor-element-populated\">\n\t\t\t\t\t\t\t<div class=\"elementor-widget-wrap\">\n\t\t\t\t\t\t<div class=\"elementor-element elementor-element-24b9e0d elementor-widget elementor-widget-text-editor\" data-id=\"24b9e0d\" data-element_type=\"widget\" data-widget_type=\"text-editor.default\">\n\t\t\t\t<div class=\"elementor-widget-container\">\n\t\t\t\t\t\t\t\t<div class=\"elementor-text-editor elementor-clearfix\">\n\t\t\t\t<p>Zapytanie ofertowe &#8211; Szkolenia<\/p>\t\t\t\t\t<\/div>\n\t\t\t\t\t\t<\/div>\n\t\t\t\t<\/div>\n\t\t\t\t<div class=\"elementor-element elementor-element-8f9c7b3 elementor-widget elementor-widget-content_form_contact\" data-id=\"8f9c7b3\" data-element_type=\"widget\" data-widget_type=\"content_form_contact.default\">\n\t\t\t\t<div class=\"elementor-widget-container\">\n\t\t\t<form action=\"https:\/\/www.kapitalnarodu.pl\/wp-admin\/admin-post.php\" method=\"post\" name=\"content-form-8f9c7b3\" id=\"content-form-8f9c7b3\" class=\"ti-cf-module content-form content-form-contact content_form_contact\"><input type=\"hidden\" id=\"_wpnonce_contact\" name=\"_wpnonce_contact\" value=\"7993268357\" \/><input type=\"hidden\" name=\"_wp_http_referer\" value=\"\/index.php\/wp-json\/wp\/v2\/pages\/1644\" \/><input type=\"hidden\" name=\"action\" value=\"content_form_submit\" \/><input type=\"hidden\" name=\"form-type\" value=\"contact\" \/><input type=\"hidden\" name=\"form-builder\" value=\"elementor\" \/><input type=\"hidden\" name=\"post-id\" value=\"1644\" \/><input type=\"hidden\" name=\"form-id\" value=\"8f9c7b3\" \/><fieldset class=\"content-form-field-text elementor-column elementor-col-100\"><label for=\"data[8f9c7b3][name]\" >Nazwisko i imi\u0119<span class=\"required-mark\"> *<\/span><\/label><input type=\"text\" name=\"data[8f9c7b3][name]\" id=\"data[8f9c7b3][name]\" required=\"required\"  placeholder=\"\"><\/fieldset><fieldset class=\"content-form-field-text elementor-column elementor-col-100\"><label for=\"data[8f9c7b3][name]\" >Firma <span class=\"required-mark\"> *<\/span><\/label><input type=\"text\" name=\"data[8f9c7b3][name]\" id=\"data[8f9c7b3][name]\" required=\"required\"  placeholder=\"\"><\/fieldset><fieldset class=\"content-form-field-email elementor-column elementor-col-100\"><label for=\"data[8f9c7b3][email]\" >Email<span class=\"required-mark\"> *<\/span><\/label><input type=\"text\" name=\"data[8f9c7b3][email]\" id=\"data[8f9c7b3][email]\" required=\"required\"  placeholder=\"\"><\/fieldset><fieldset class=\"content-form-field-number elementor-column elementor-col-100\"><label for=\"data[8f9c7b3][phone]\" >Telefon<\/label><input type=\"text\" name=\"data[8f9c7b3][phone]\" id=\"data[8f9c7b3][phone]\"   placeholder=\"\"><\/fieldset><fieldset class=\"content-form-field-textarea elementor-column elementor-col-100\"><label for=\"data[8f9c7b3][message]\" >Wiadomo\u015b\u0107<span class=\"required-mark\"> *<\/span><\/label><textarea name=\"data[8f9c7b3][message]\" id=\"data[8f9c7b3][message]\"  required=\"required\" placeholder=\"\" cols=\"30\" rows=\"5\"><\/textarea><\/fieldset><fieldset class=\"submit-form contact\"><button type=\"submit\" name=\"submit\"  value=\"submit-contact-8f9c7b3\" class=\"\">Wy\u015blij<\/button><\/fieldset><\/form>\t\t<\/div>\n\t\t\t\t<\/div>\n\t\t\t\t\t\t<\/div>\n\t\t\t\t\t<\/div>\n\t\t<\/div>\n\t\t\t\t\t\t\t\t<\/div>\n\t\t\t\t\t<\/div>\n\t\t<\/section>\n\t\t\t\t<section class=\"elementor-section elementor-top-section elementor-element elementor-element-ee38a63 elementor-section-boxed elementor-section-height-default elementor-section-height-default\" data-id=\"ee38a63\" data-element_type=\"section\">\n\t\t\t\t\t\t<div class=\"elementor-container elementor-column-gap-default\">\n\t\t\t\t\t\t\t<div class=\"elementor-row\">\n\t\t\t\t\t<div class=\"elementor-column elementor-col-100 elementor-top-column elementor-element elementor-element-dcbc553\" data-id=\"dcbc553\" data-element_type=\"column\">\n\t\t\t<div class=\"elementor-column-wrap elementor-element-populated\">\n\t\t\t\t\t\t\t<div class=\"elementor-widget-wrap\">\n\t\t\t\t\t\t<div class=\"elementor-element elementor-element-fa0fa7d elementor-widget elementor-widget-text-editor\" data-id=\"fa0fa7d\" data-element_type=\"widget\" data-widget_type=\"text-editor.default\">\n\t\t\t\t<div class=\"elementor-widget-container\">\n\t\t\t\t\t\t\t\t<div class=\"elementor-text-editor elementor-clearfix\">\n\t\t\t\t<p><a href=\"http:\/\/www.kapitalnarodu.pl\/wp-content\/uploads\/2020\/10\/Dane-stowarzyszenia-KN.pdf\" target=\"_blank\" rel=\"noopener\"><strong>Numer konta i dane <\/strong><\/a><strong>stowarzyszenia :<\/strong><br \/><a href=\"http:\/\/www.kapitalnarodu.pl\/wp-content\/uploads\/2020\/10\/Dane-stowarzyszenia-KN.pdf\" target=\"_blank\" rel=\"noopener\"><span style=\"color: #ff0000;\"><em>PDF do pobrania<\/em><\/span><\/a><\/p>\t\t\t\t\t<\/div>\n\t\t\t\t\t\t<\/div>\n\t\t\t\t<\/div>\n\t\t\t\t\t\t<\/div>\n\t\t\t\t\t<\/div>\n\t\t<\/div>\n\t\t\t\t\t\t\t\t<\/div>\n\t\t\t\t\t<\/div>\n\t\t<\/section>\n\t\t\t\t<section class=\"elementor-section elementor-top-section elementor-element elementor-element-150f529 elementor-section-boxed elementor-section-height-default elementor-section-height-default\" data-id=\"150f529\" data-element_type=\"section\">\n\t\t\t\t\t\t<div class=\"elementor-container elementor-column-gap-default\">\n\t\t\t\t\t\t\t<div class=\"elementor-row\">\n\t\t\t\t\t<div class=\"elementor-column elementor-col-100 elementor-top-column elementor-element elementor-element-b2fa1d1\" data-id=\"b2fa1d1\" data-element_type=\"column\">\n\t\t\t<div class=\"elementor-column-wrap elementor-element-populated\">\n\t\t\t\t\t\t\t<div class=\"elementor-widget-wrap\">\n\t\t\t\t\t\t<div class=\"elementor-element elementor-element-0dcf355 elementor-widget-divider--view-line elementor-widget elementor-widget-divider\" data-id=\"0dcf355\" data-element_type=\"widget\" data-widget_type=\"divider.default\">\n\t\t\t\t<div class=\"elementor-widget-container\">\n\t\t\t\t\t<div class=\"elementor-divider\">\n\t\t\t<span class=\"elementor-divider-separator\">\n\t\t\t\t\t\t<\/span>\n\t\t<\/div>\n\t\t\t\t<\/div>\n\t\t\t\t<\/div>\n\t\t\t\t\t\t<\/div>\n\t\t\t\t\t<\/div>\n\t\t<\/div>\n\t\t\t\t\t\t\t\t<\/div>\n\t\t\t\t\t<\/div>\n\t\t<\/section>\n\t\t\t\t<section class=\"elementor-section elementor-top-section elementor-element elementor-element-a3fdda7 elementor-section-full_width elementor-section-height-default elementor-section-height-default\" data-id=\"a3fdda7\" data-element_type=\"section\">\n\t\t\t\t\t\t<div class=\"elementor-container elementor-column-gap-default\">\n\t\t\t\t\t\t\t<div class=\"elementor-row\">\n\t\t\t\t\t<div class=\"elementor-column elementor-col-100 elementor-top-column elementor-element elementor-element-ad35da0\" data-id=\"ad35da0\" data-element_type=\"column\">\n\t\t\t<div class=\"elementor-column-wrap elementor-element-populated\">\n\t\t\t\t\t\t\t<div class=\"elementor-widget-wrap\">\n\t\t\t\t\t\t<div class=\"elementor-element elementor-element-a550555 elementor-widget elementor-widget-google_maps\" data-id=\"a550555\" data-element_type=\"widget\" data-widget_type=\"google_maps.default\">\n\t\t\t\t<div class=\"elementor-widget-container\">\n\t\t\t\t\t<div class=\"elementor-custom-embed\">\n\t\t\t<iframe frameborder=\"0\" scrolling=\"no\" marginheight=\"0\" marginwidth=\"0\"\n\t\t\t\t\tsrc=\"https:\/\/maps.google.com\/maps?q=Warszawa%2C%20ul%20Kwiatkowskiego%205&#038;t=m&#038;z=10&#038;output=embed&#038;iwloc=near\"\n\t\t\t\t\ttitle=\"Warszawa, ul Kwiatkowskiego 5\"\n\t\t\t\t\taria-label=\"Warszawa, ul Kwiatkowskiego 5\"\n\t\t\t><\/iframe>\n\t\t<\/div>\n\t\t\t\t<\/div>\n\t\t\t\t<\/div>\n\t\t\t\t\t\t<\/div>\n\t\t\t\t\t<\/div>\n\t\t<\/div>\n\t\t\t\t\t\t\t\t<\/div>\n\t\t\t\t\t<\/div>\n\t\t<\/section>\n\t\t\t\t<section class=\"elementor-section elementor-top-section elementor-element elementor-element-09f5834 elementor-section-boxed elementor-section-height-default elementor-section-height-default\" data-id=\"09f5834\" data-element_type=\"section\">\n\t\t\t\t\t\t<div class=\"elementor-container elementor-column-gap-default\">\n\t\t\t\t\t\t\t<div class=\"elementor-row\">\n\t\t\t\t\t<div class=\"elementor-column elementor-col-100 elementor-top-column elementor-element elementor-element-ddf102b\" data-id=\"ddf102b\" data-element_type=\"column\">\n\t\t\t<div class=\"elementor-column-wrap\">\n\t\t\t\t\t\t\t<div class=\"elementor-widget-wrap\">\n\t\t\t\t\t\t\t\t<\/div>\n\t\t\t\t\t<\/div>\n\t\t<\/div>\n\t\t\t\t\t\t\t\t<\/div>\n\t\t\t\t\t<\/div>\n\t\t<\/section>\n\t\t\t\t\t\t\t\t\t<\/div>\n\t\t\t<\/div>\n\t\t\t\t\t<\/div>\n\t\t","protected":false},"excerpt":{"rendered":"<p>kontakt Zapraszamy do kontaktu w dogodnym dla Ciebie terminie, a my z przyjemno\u015bci\u0105 si\u0119 z Tob\u0105 skontaktujemy. Skontaktuj si\u0119 z nami w sprawach cz\u0142onkostwa i innych Nazwisko * Imi\u0119 * Email * Wiadomo\u015b\u0107 * Wy\u015blij Fomularz dla cz\u0142onk\u00f3w stowarzyszenia Nazwisko i imi\u0119 * Firma * Email * Telefon Wiadomo\u015b\u0107 * Wy\u015blij Zapytanie ofertowe &#8211; Szkolenia&hellip;&nbsp;<a href=\"https:\/\/www.kapitalnarodu.pl\/index.php\/kontakt-2\/\" class=\"\" rel=\"bookmark\">Read More &raquo;<span class=\"screen-reader-text\">Kontakt<\/span><\/a><\/p>\n","protected":false},"author":1,"featured_media":0,"parent":0,"menu_order":0,"comment_status":"closed","ping_status":"closed","template":"","meta":{"neve_meta_sidebar":"full-width","neve_meta_container":"","neve_meta_enable_content_width":"on","neve_meta_content_width":100,"neve_meta_title_alignment":"","neve_meta_author_avatar":"","neve_post_elements_order":"","neve_meta_disable_header":"","neve_meta_disable_footer":"","neve_meta_disable_title":""},"_links":{"self":[{"href":"https:\/\/www.kapitalnarodu.pl\/index.php\/wp-json\/wp\/v2\/pages\/1644"}],"collection":[{"href":"https:\/\/www.kapitalnarodu.pl\/index.php\/wp-json\/wp\/v2\/pages"}],"about":[{"href":"https:\/\/www.kapitalnarodu.pl\/index.php\/wp-json\/wp\/v2\/types\/page"}],"author":[{"embeddable":true,"href":"https:\/\/www.kapitalnarodu.pl\/index.php\/wp-json\/wp\/v2\/users\/1"}],"replies":[{"embeddable":true,"href":"https:\/\/www.kapitalnarodu.pl\/index.php\/wp-json\/wp\/v2\/comments?post=1644"}],"version-history":[{"count":29,"href":"https:\/\/www.kapitalnarodu.pl\/index.php\/wp-json\/wp\/v2\/pages\/1644\/revisions"}],"predecessor-version":[{"id":2170,"href":"https:\/\/www.kapitalnarodu.pl\/index.php\/wp-json\/wp\/v2\/pages\/1644\/revisions\/2170"}],"wp:attachment":[{"href":"https:\/\/www.kapitalnarodu.pl\/index.php\/wp-json\/wp\/v2\/media?parent=1644"}],"curies":[{"name":"wp","href":"https:\/\/api.w.org\/{rel}","templated":true}]}}