{"id":5092,"date":"2022-05-25T08:03:00","date_gmt":"2022-05-25T08:03:00","guid":{"rendered":"http:\/\/www.kapitalnarodu.pl\/?page_id=5092"},"modified":"2022-11-29T04:07:35","modified_gmt":"2022-11-29T04:07:35","slug":"gospodarka-inflacja","status":"publish","type":"page","link":"http:\/\/www.kapitalnarodu.pl\/index.php\/aktualnosci-2\/gospodarka-inflacja\/","title":{"rendered":"GOSPODARKA &#8211; Inflacja"},"content":{"rendered":"\t\t<div data-elementor-type=\"wp-page\" data-elementor-id=\"5092\" class=\"elementor elementor-5092\">\n\t\t\t\t\t\t<div class=\"elementor-inner\">\n\t\t\t\t<div class=\"elementor-section-wrap\">\n\t\t\t\t\t\t\t\t\t<section class=\"elementor-section elementor-top-section elementor-element elementor-element-8f162a5 elementor-section-boxed elementor-section-height-default elementor-section-height-default\" data-id=\"8f162a5\" data-element_type=\"section\">\n\t\t\t\t\t\t<div class=\"elementor-container elementor-column-gap-default\">\n\t\t\t\t\t\t\t<div class=\"elementor-row\">\n\t\t\t\t\t<div class=\"elementor-column elementor-col-100 elementor-top-column elementor-element elementor-element-900380b\" data-id=\"900380b\" data-element_type=\"column\">\n\t\t\t<div class=\"elementor-column-wrap elementor-element-populated\">\n\t\t\t\t\t\t\t<div class=\"elementor-widget-wrap\">\n\t\t\t\t\t\t<div class=\"elementor-element elementor-element-945fcb1 elementor-widget-divider--view-line elementor-widget elementor-widget-divider\" data-id=\"945fcb1\" data-element_type=\"widget\" data-widget_type=\"divider.default\">\n\t\t\t\t<div class=\"elementor-widget-container\">\n\t\t\t\t\t<div class=\"elementor-divider\">\n\t\t\t<span class=\"elementor-divider-separator\">\n\t\t\t\t\t\t<\/span>\n\t\t<\/div>\n\t\t\t\t<\/div>\n\t\t\t\t<\/div>\n\t\t\t\t<div class=\"elementor-element elementor-element-fd14b9f elementor-widget elementor-widget-heading\" data-id=\"fd14b9f\" data-element_type=\"widget\" data-widget_type=\"heading.default\">\n\t\t\t\t<div class=\"elementor-widget-container\">\n\t\t\t<h1 class=\"elementor-heading-title elementor-size-default\">Bie\u017c\u0105ce informacje o gospodarkch \u015bwiatowych i rynkach energetycznych<\/h1>\t\t<\/div>\n\t\t\t\t<\/div>\n\t\t\t\t\t\t<\/div>\n\t\t\t\t\t<\/div>\n\t\t<\/div>\n\t\t\t\t\t\t\t\t<\/div>\n\t\t\t\t\t<\/div>\n\t\t<\/section>\n\t\t\t\t<section class=\"elementor-section elementor-top-section elementor-element elementor-element-c42b34e elementor-section-boxed elementor-section-height-default elementor-section-height-default\" data-id=\"c42b34e\" data-element_type=\"section\">\n\t\t\t\t\t\t<div class=\"elementor-container elementor-column-gap-default\">\n\t\t\t\t\t\t\t<div class=\"elementor-row\">\n\t\t\t\t\t<div class=\"elementor-column elementor-col-100 elementor-top-column elementor-element elementor-element-817fcb0\" data-id=\"817fcb0\" data-element_type=\"column\">\n\t\t\t<div class=\"elementor-column-wrap elementor-element-populated\">\n\t\t\t\t\t\t\t<div class=\"elementor-widget-wrap\">\n\t\t\t\t\t\t<div class=\"elementor-element elementor-element-5110d02 elementor-align-left elementor-widget elementor-widget-button\" data-id=\"5110d02\" data-element_type=\"widget\" data-widget_type=\"button.default\">\n\t\t\t\t<div class=\"elementor-widget-container\">\n\t\t\t\t\t<div class=\"elementor-button-wrapper\">\n\t\t\t<a href=\"http:\/\/www.kapitalnarodu.pl\/index.php\/pobieranie-dokumentu\/\" class=\"elementor-button-link elementor-button elementor-size-xs\" role=\"button\">\n\t\t\t\t\t\t<span class=\"elementor-button-content-wrapper\">\n\t\t\t\t\t\t\t<span class=\"elementor-button-icon elementor-align-icon-right\">\n\t\t\t\t<i aria-hidden=\"true\" class=\"fab fa-readme\"><\/i>\t\t\t<\/span>\n\t\t\t\t\t\t<span class=\"elementor-button-text\">Informacje dost\u0119pne wy\u0142\u0105cznie dla os\u00f3b stow. Kapita\u0142 Narodu lub subskrybent\u00f3w<\/span>\n\t\t<\/span>\n\t\t\t\t\t<\/a>\n\t\t<\/div>\n\t\t\t\t<\/div>\n\t\t\t\t<\/div>\n\t\t\t\t\t\t<\/div>\n\t\t\t\t\t<\/div>\n\t\t<\/div>\n\t\t\t\t\t\t\t\t<\/div>\n\t\t\t\t\t<\/div>\n\t\t<\/section>\n\t\t\t\t\t\t\t\t\t<\/div>\n\t\t\t<\/div>\n\t\t\t\t\t<\/div>\n\t\t","protected":false},"excerpt":{"rendered":"<p>Bie\u017c\u0105ce informacje o gospodarkch \u015bwiatowych i rynkach energetycznych Informacje dost\u0119pne wy\u0142\u0105cznie dla os\u00f3b stow. Kapita\u0142 Narodu lub subskrybent\u00f3w<\/p>\n","protected":false},"author":1,"featured_media":0,"parent":2987,"menu_order":0,"comment_status":"closed","ping_status":"closed","template":"page-templates\/template-pagebuilder-full-width.php","meta":{"neve_meta_sidebar":"full-width","neve_meta_container":"","neve_meta_enable_content_width":"on","neve_meta_content_width":100,"neve_meta_title_alignment":"","neve_meta_author_avatar":"","neve_post_elements_order":"","neve_meta_disable_header":"","neve_meta_disable_footer":"","neve_meta_disable_title":""},"_links":{"self":[{"href":"http:\/\/www.kapitalnarodu.pl\/index.php\/wp-json\/wp\/v2\/pages\/5092"}],"collection":[{"href":"http:\/\/www.kapitalnarodu.pl\/index.php\/wp-json\/wp\/v2\/pages"}],"about":[{"href":"http:\/\/www.kapitalnarodu.pl\/index.php\/wp-json\/wp\/v2\/types\/page"}],"author":[{"embeddable":true,"href":"http:\/\/www.kapitalnarodu.pl\/index.php\/wp-json\/wp\/v2\/users\/1"}],"replies":[{"embeddable":true,"href":"http:\/\/www.kapitalnarodu.pl\/index.php\/wp-json\/wp\/v2\/comments?post=5092"}],"version-history":[{"count":10,"href":"http:\/\/www.kapitalnarodu.pl\/index.php\/wp-json\/wp\/v2\/pages\/5092\/revisions"}],"predecessor-version":[{"id":5756,"href":"http:\/\/www.kapitalnarodu.pl\/index.php\/wp-json\/wp\/v2\/pages\/5092\/revisions\/5756"}],"up":[{"embeddable":true,"href":"http:\/\/www.kapitalnarodu.pl\/index.php\/wp-json\/wp\/v2\/pages\/2987"}],"wp:attachment":[{"href":"http:\/\/www.kapitalnarodu.pl\/index.php\/wp-json\/wp\/v2\/media?parent=5092"}],"curies":[{"name":"wp","href":"https:\/\/api.w.org\/{rel}","templated":true}]}}